{"id":7981,"date":"2020-10-22T07:43:37","date_gmt":"2020-10-22T07:43:37","guid":{"rendered":"https:\/\/naturschutzfleesch.cuco.dev\/legal-notice\/"},"modified":"2020-10-29T09:45:16","modified_gmt":"2020-10-29T09:45:16","slug":"legal-notice","status":"publish","type":"page","link":"https:\/\/naturschutzfleesch.lu\/en\/legal-notice\/","title":{"rendered":"Legal Notice"},"content":{"rendered":"[vc_row type=&#8221;full_width_background&#8221; full_screen_row_position=&#8221;middle&#8221; column_margin=&#8221;default&#8221; bg_image=&#8221;5882&#8243; bg_position=&#8221;center center&#8221; bg_repeat=&#8221;no-repeat&#8221; scene_position=&#8221;center&#8221; text_color=&#8221;light&#8221; text_align=&#8221;left&#8221; top_padding=&#8221;550&#8243; bottom_padding=&#8221;50&#8243; class=&#8221;hero&#8221; overlay_strength=&#8221;0.3&#8243; shape_divider_position=&#8221;bottom&#8221; shape_divider_height=&#8221;150&#8243; bg_image_animation=&#8221;none&#8221; shape_type=&#8221;curve_opacity&#8221;][vc_column column_padding=&#8221;no-extra-padding&#8221; column_padding_position=&#8221;all&#8221; background_color_opacity=&#8221;1&#8243; background_hover_color_opacity=&#8221;1&#8243; column_link_target=&#8221;_self&#8221; column_shadow=&#8221;none&#8221; column_border_radius=&#8221;none&#8221; width=&#8221;1\/1&#8243; tablet_width_inherit=&#8221;default&#8221; tablet_text_alignment=&#8221;default&#8221; phone_text_alignment=&#8221;default&#8221; overlay_strength=&#8221;0.3&#8243; column_border_width=&#8221;none&#8221; column_border_style=&#8221;solid&#8221; bg_image_animation=&#8221;none&#8221; enable_animation=&#8221;true&#8221; animation=&#8221;fade-in-from-bottom&#8221;][\/vc_column][\/vc_row][vc_row type=&#8221;in_container&#8221; full_screen_row_position=&#8221;middle&#8221; column_margin=&#8221;default&#8221; scene_position=&#8221;center&#8221; text_color=&#8221;dark&#8221; text_align=&#8221;left&#8221; top_padding=&#8221;5%&#8221; bottom_padding=&#8221;5%&#8221; overlay_strength=&#8221;0.3&#8243; shape_divider_position=&#8221;bottom&#8221; bg_image_animation=&#8221;none&#8221; shape_type=&#8221;&#8221;][vc_column column_padding=&#8221;no-extra-padding&#8221; column_padding_position=&#8221;all&#8221; background_color_opacity=&#8221;1&#8243; background_hover_color_opacity=&#8221;1&#8243; column_link_target=&#8221;_self&#8221; column_shadow=&#8221;none&#8221; column_border_radius=&#8221;none&#8221; width=&#8221;1\/1&#8243; tablet_width_inherit=&#8221;default&#8221; tablet_text_alignment=&#8221;default&#8221; phone_text_alignment=&#8221;default&#8221; overlay_strength=&#8221;0.3&#8243; column_border_width=&#8221;none&#8221; column_border_style=&#8221;solid&#8221; bg_image_animation=&#8221;none&#8221;][vc_column_text]\n<h3>Editeur<\/h3>\n<p>Vous \u00eates sur le portail de l\u2019Erzeugergenossenschaft Naturschutz Fleesch.<br \/>\nL&#8217;objectif de ce portail est de diffuser des informations sur les activit\u00e9s de l\u2019Erzeugergenossenschaft Naturschutz Fleesch et notamment sur le label Naturschutz Fleesch.<br \/>\nIl est \u00e9dit\u00e9 par l\u2019Erzeugergenossenschaft Naturschutz Fleesch.<br \/>\nPour toute question sur ce portail et son contenu, vous pouvez nous contacter via le courriel de contact.<\/p>\n<h3>Conditions g\u00e9n\u00e9rales d&#8217;utilisation (CGU) du site<\/h3>\n<p>Toute personne faisant usage des informations, documents, produits, logiciels et divers services (collectivement les\u00a0<strong>&#8220;Services&#8221;<\/strong>) propos\u00e9s par ce site est r\u00e9put\u00e9e avoir pris connaissance et accept\u00e9 l&#8217;int\u00e9gralit\u00e9 des termes et mentions des pr\u00e9sentes conditions g\u00e9n\u00e9rales d&#8217;utilisation.<\/p>\n<h3><a name=\"_Toc515354731\"><\/a>Obligations de l&#8217;usager<\/h3>\n<p>L\u2019acc\u00e8s au site se fait par Internet. L\u2019usager d\u00e9clare en conna\u00eetre les risques et les accepter. Il doit se pr\u00e9munir contre les effets de la piraterie informatique en adoptant une configuration informatique adapt\u00e9e et s\u00e9curis\u00e9e.<br \/>\nL\u00b4Erzeugergenossenschaft Naturschutz Fleesch ne saurait \u00eatre tenu pour responsable d&#8217;un quelconque dommage que l\u2019usager subirait directement ou indirectement en relation avec sa navigation sur ce site et l\u2019utilisation de ses services ainsi que les sites Internet auxquels il renvoie.<br \/>\nL&#8217;utilisation du site est gratuite.<\/p>\n<h3><a name=\"_Toc515354732\"><\/a><a name=\"_Toc515354733\"><\/a>Modification du site<\/h3>\n<p>L\u2019Erzeugergenossenschaft Naturschutz Fleesch se r\u00e9serve la libert\u00e9 de faire \u00e9voluer, de modifier ou de suspendre, sans pr\u00e9avis, ce site pour des raisons de maintenance, de mise \u00e0 jour ou pour tout autre motif jug\u00e9 n\u00e9cessaire.<br \/>\nL\u2019Erzeugergenossenschaft Naturschutz Fleesch pourra notamment \u00e0 tout moment retirer, ajouter, compl\u00e9ter ou pr\u00e9ciser tout ou une partie des informations et services contenus ou propos\u00e9s sur le site. Aucune responsabilit\u00e9 pour un quelconque dommage direct ou indirect en relation avec de telles modifications ne pourra \u00eatre retenue \u00e0 l\u2019encontre de l\u2019Erzeugergenossenschaft Naturschutz Fleesch.<\/p>\n<h3><a name=\"_Toc515354734\"><\/a>Limitations g\u00e9n\u00e9rales de responsabilit\u00e9<\/h3>\n<p>L\u00b4Erzeugergenossenschaft Naturschutz Fleesch assurera au mieux une disponibilit\u00e9 maximale de ce site. Toutefois, sa responsabilit\u00e9 ne saurait \u00eatre retenue en cas d\u2019indisponibilit\u00e9 momentan\u00e9e ou totale du site.<br \/>\nL\u00b4Erzeugergenossenschaft Naturschutz Fleesch assurera au mieux la s\u00e9curit\u00e9 du syst\u00e8me informatique. Toutefois, sa responsabilit\u00e9 ne saurait \u00eatre retenue en cas d\u2019attaque du syst\u00e8me informatique ou d\u2019indisponibilit\u00e9 momentan\u00e9e ou totale du site. L\u00b4Erzeugergenossenschaft Naturschutz Fleesch assurera au mieux l\u2019exactitude des informations contenues sur le site, publi\u00e9es sur les r\u00e9seaux sociaux. Cependant, sa responsabilit\u00e9 ne saurait \u00eatre retenue notamment, en cas d\u2019omission de mise \u00e0 jour d\u2019une information ou d\u2019un formulaire, en cas d\u2019erreurs de manipulation du syst\u00e8me ou d\u2019encodage, d\u2019inexactitudes, de lacunes dans les informations fournies ou d\u2019\u00e9ventuelles erreurs, inexactitudes. En effet, l&#8217;objectif est de diffuser des informations exactes et \u00e0 jour provenant de diverses sources mais l\u00b4 Erzeugergenossenschaft Naturschutz Fleesch ne saurait toutefois \u00e9viter tout risque d&#8217;erreur mat\u00e9rielle. Aucune des informations publi\u00e9es sur ce site n&#8217;a une vocation d&#8217;exhaustivit\u00e9 ou constitue un engagement de la part de l\u2019\u00b4Erzeugergenossenschaft Naturschutz Fleesch. Les vulgarisations et traductions sont propos\u00e9es \u00e0 titre informatif. Seuls font foi les textes l\u00e9gaux publi\u00e9s au M\u00e9morial (Journal Officiel du Grand-Duch\u00e9 de Luxembourg). Les informations qui figurent sur ce site sont de nature g\u00e9n\u00e9rale. Les informations ne sont pas adapt\u00e9es \u00e0 des circonstances personnelles ou sp\u00e9cifiques et ne peuvent donc pas \u00eatre consid\u00e9r\u00e9es comme des conseils personnels, professionnels ou juridiques \u00e0 l\u2019usager. Si l\u2019usager a besoin de conseils personnels ou sp\u00e9cifiques, il devra toujours consulter et nous contacter via le courriel de contact.<\/p>\n<h3><a name=\"_Toc515354735\"><\/a>Limite de responsabilit\u00e9 du site<\/h3>\n<p>La responsabilit\u00e9 de ce site est express\u00e9ment exclue pour toutes les cons\u00e9quences directes et indirectes:<\/p>\n<ul>\n<li>Du d\u00e9faut de compatibilit\u00e9 entre le service offert et les \u00e9quipements, applications, proc\u00e9dures ou infrastructures de l&#8217;usager ou de tiers;<\/li>\n<li>D&#8217;une faille de s\u00e9curit\u00e9 provenant de l\u2019usager ou d&#8217;un tiers et plus g\u00e9n\u00e9ralement, de toute faille de s\u00e9curit\u00e9 non directement imputable \u00e0 ce site;<\/li>\n<li>Des cons\u00e9quences des erreurs et\/ou des fraudes commises par l&#8217;usager ou un tiers;<\/li>\n<li>D&#8217;une \u00e9ventuelle indisponibilit\u00e9 ou d&#8217;un mauvais fonctionnement des syst\u00e8mes ou r\u00e9seaux de communications \u00e9lectroniques.<\/li>\n<\/ul>\n<h3><a name=\"_Toc515354736\"><\/a>Liens vers sites li\u00e9s<\/h3>\n<p>Pour la convenance des usagers, ce site peut contenir des liens vers d\u2019autres sites qui peuvent leur \u00eatre utiles ou qui peuvent les int\u00e9resser. L\u2019 \u00b4Erzeugergenossenschaft Naturschutz Fleesch ne contr\u00f4le pas syst\u00e9matiquement le contenu de ces sites. Ils ne sauraient d\u00e8s lors \u00eatre tenus responsables des contenus pr\u00e9sent\u00e9s sur ces sites Internet et ce, que ce soit au niveau de leur l\u00e9galit\u00e9 ou de l&#8217;exactitude des informations qui s&#8217;y trouvent.<\/p>\n<h3><a name=\"_Toc515354737\"><\/a>Propri\u00e9t\u00e9 intellectuelle<\/h3>\n<p>Le site, tous ses \u00e9l\u00e9ments (y compris la mise en page) ainsi que les informations et Services, sont prot\u00e9g\u00e9s par les lois sur la propri\u00e9t\u00e9 intellectuelle et sur les droits d\u2019auteur.<br \/>\nSauf indication contraire, l\u2019Erzeugergenossenschaft Naturschutz Fleesch n&#8217;accorde aucune licence ou autorisation relative aux droits de propri\u00e9t\u00e9 intellectuelle qu&#8217;il a sur ce site, ses \u00e9l\u00e9ments ou les Services.<\/p>\n<h4><strong>Documents de type texte<\/strong><\/h4>\n<p>Sauf indication contraire, l\u2019usager est autoris\u00e9 \u00e0 consulter, t\u00e9l\u00e9charger et imprimer les documents de type texte sans demande pr\u00e9alable.<\/p>\n<h4><strong>Autres contenus<\/strong><\/h4>\n<p>Sauf indication contraire, la reproduction d\u2019autres types de contenus (photos, vid\u00e9os, fichiers son, animations, graphismes, etc.) est autoris\u00e9e, moyennant la mention de la source.<br \/>\nCes types de contenus ne peuvent en aucun cas \u00eatre vendus ou lou\u00e9s \u00e0 titre on\u00e9reux.<br \/>\nToute modification, transformation ou adaptation, totale ou partielle des types de contenus pr\u00e9cit\u00e9s est interdite.<br \/>\nLes utilisateurs qui reproduisent des contenus du portail s\u2019engagent \u00e0 ne pas en faire un usage contraire \u00e0 la dignit\u00e9 humaine et au respect de la personne.<br \/>\nSauf autorisation expresse de l\u2019\u00e9diteur, le portaail ne peut \u00eatre int\u00e9gr\u00e9 d&#8217;une quelconque mani\u00e8re, en tout ou en partie, dans un autre portail ou dans un site Internet.<br \/>\nLes droits qui vous sont implicitement ou explicitement accord\u00e9s ci-dessus constituent une autorisation d&#8217;utilisation et en aucun cas une cession de droits, de propri\u00e9t\u00e9 ou autre relatifs \u00e0 ce portail.<\/p>\n<h3><a name=\"_Toc515354738\"><\/a>Modification des conditions g\u00e9n\u00e9rales d&#8217;utilisation<\/h3>\n<p>Les pr\u00e9sentes conditions g\u00e9n\u00e9rales d&#8217;utilisation pourront \u00eatre modifi\u00e9es ou compl\u00e9t\u00e9es \u00e0 tout moment, sans pr\u00e9avis, en fonction des modifications apport\u00e9es au site, de l&#8217;\u00e9volution de la l\u00e9gislation ou pour tout autre motif jug\u00e9 n\u00e9cessaire. Il appartient \u00e0 l\u2019usager de s\u2019informer des conditions g\u00e9n\u00e9rales d&#8217;utilisation du site, dont seule la version actualis\u00e9e accessible en ligne est r\u00e9put\u00e9e en vigueur. Il est possible qu\u2019entre deux utilisations du site, les conditions g\u00e9n\u00e9rales d\u2019utilisation particuli\u00e8res soient modifi\u00e9es et il appartient, d\u00e8s lors, \u00e0 l\u2019usager de bien lire ces derni\u00e8res avant chaque nouvelle utilisation.<\/p>\n<h3><a name=\"_Toc515354739\"><\/a>Loi applicable et juridictions comp\u00e9tentes<\/h3>\n<p>Tout litige relatif \u00e0 l&#8217;utilisation de ce site et ses Services sera soumis \u00e0 la loi luxembourgeoise et sera de la comp\u00e9tence exclusive des juridictions du Grand-Duch\u00e9 de Luxembourg.[\/vc_column_text][\/vc_column][\/vc_row]\n","protected":false},"excerpt":{"rendered":"<p>[vc_row type=&#8221;full_width_background&#8221; full_screen_row_position=&#8221;middle&#8221; column_margin=&#8221;default&#8221; bg_image=&#8221;5882&#8243; bg_position=&#8221;center center&#8221; bg_repeat=&#8221;no-repeat&#8221; scene_position=&#8221;center&#8221; text_color=&#8221;light&#8221; text_align=&#8221;left&#8221; top_padding=&#8221;550&#8243; bottom_padding=&#8221;50&#8243; class=&#8221;hero&#8221; overlay_strength=&#8221;0.3&#8243; shape_divider_position=&#8221;bottom&#8221; shape_divider_height=&#8221;150&#8243; bg_image_animation=&#8221;none&#8221; shape_type=&#8221;curve_opacity&#8221;][vc_column column_padding=&#8221;no-extra-padding&#8221; column_padding_position=&#8221;all&#8221; background_color_opacity=&#8221;1&#8243; background_hover_color_opacity=&#8221;1&#8243; column_link_target=&#8221;_self&#8221; column_shadow=&#8221;none&#8221;&#8230;<\/p>\n","protected":false},"author":1,"featured_media":0,"parent":0,"menu_order":0,"comment_status":"closed","ping_status":"closed","template":"","meta":{"_acf_changed":false,"inline_featured_image":false,"footnotes":""},"class_list":["post-7981","page","type-page","status-publish"],"acf":[],"_links":{"self":[{"href":"https:\/\/naturschutzfleesch.lu\/en\/wp-json\/wp\/v2\/pages\/7981","targetHints":{"allow":["GET"]}}],"collection":[{"href":"https:\/\/naturschutzfleesch.lu\/en\/wp-json\/wp\/v2\/pages"}],"about":[{"href":"https:\/\/naturschutzfleesch.lu\/en\/wp-json\/wp\/v2\/types\/page"}],"author":[{"embeddable":true,"href":"https:\/\/naturschutzfleesch.lu\/en\/wp-json\/wp\/v2\/users\/1"}],"replies":[{"embeddable":true,"href":"https:\/\/naturschutzfleesch.lu\/en\/wp-json\/wp\/v2\/comments?post=7981"}],"version-history":[{"count":4,"href":"https:\/\/naturschutzfleesch.lu\/en\/wp-json\/wp\/v2\/pages\/7981\/revisions"}],"predecessor-version":[{"id":8024,"href":"https:\/\/naturschutzfleesch.lu\/en\/wp-json\/wp\/v2\/pages\/7981\/revisions\/8024"}],"wp:attachment":[{"href":"https:\/\/naturschutzfleesch.lu\/en\/wp-json\/wp\/v2\/media?parent=7981"}],"curies":[{"name":"wp","href":"https:\/\/api.w.org\/{rel}","templated":true}]}}