{"id":8389,"date":"2021-12-22T19:29:44","date_gmt":"2021-12-22T19:29:44","guid":{"rendered":"https:\/\/naturschutzfleesch.lu\/maartplaz\/"},"modified":"2022-01-04T22:57:21","modified_gmt":"2022-01-04T22:57:21","slug":"maartplaz","status":"publish","type":"page","link":"https:\/\/naturschutzfleesch.lu\/lu\/maartplaz\/","title":{"rendered":"Maartplaz"},"content":{"rendered":"[vc_row type=&#8221;full_width_background&#8221; full_screen_row_position=&#8221;middle&#8221; column_margin=&#8221;default&#8221; bg_image=&#8221;6399&#8243; bg_position=&#8221;left top&#8221; bg_repeat=&#8221;no-repeat&#8221; scene_position=&#8221;center&#8221; text_color=&#8221;dark&#8221; text_align=&#8221;left&#8221; overlay_strength=&#8221;0.3&#8243; shape_divider_position=&#8221;bottom&#8221; bg_image_animation=&#8221;none&#8221; shape_type=&#8221;&#8221;][vc_column column_padding=&#8221;no-extra-padding&#8221; column_padding_position=&#8221;all&#8221; background_color_opacity=&#8221;1&#8243; background_hover_color_opacity=&#8221;1&#8243; column_link_target=&#8221;_self&#8221; column_shadow=&#8221;none&#8221; column_border_radius=&#8221;none&#8221; width=&#8221;1\/1&#8243; tablet_width_inherit=&#8221;default&#8221; tablet_text_alignment=&#8221;default&#8221; phone_text_alignment=&#8221;default&#8221; overlay_strength=&#8221;0.3&#8243; column_border_width=&#8221;none&#8221; column_border_style=&#8221;solid&#8221; bg_image_animation=&#8221;none&#8221;][vc_row_inner column_margin=&#8221;default&#8221; text_align=&#8221;left&#8221;][vc_column_inner column_padding=&#8221;no-extra-padding&#8221; column_padding_position=&#8221;all&#8221; background_color_opacity=&#8221;1&#8243; background_hover_color_opacity=&#8221;1&#8243; column_shadow=&#8221;none&#8221; column_border_radius=&#8221;none&#8221; column_link_target=&#8221;_self&#8221; width=&#8221;1\/6&#8243; tablet_width_inherit=&#8221;default&#8221; overlay_strength=&#8221;0.3&#8243; column_border_width=&#8221;none&#8221; column_border_style=&#8221;solid&#8221; bg_image_animation=&#8221;none&#8221;][\/vc_column_inner][vc_column_inner column_padding=&#8221;no-extra-padding&#8221; column_padding_position=&#8221;all&#8221; background_color_opacity=&#8221;1&#8243; background_hover_color_opacity=&#8221;1&#8243; column_shadow=&#8221;none&#8221; column_border_radius=&#8221;none&#8221; column_link_target=&#8221;_self&#8221; width=&#8221;2\/3&#8243; tablet_width_inherit=&#8221;default&#8221; overlay_strength=&#8221;0.3&#8243; column_border_width=&#8221;none&#8221; column_border_style=&#8221;solid&#8221; bg_image_animation=&#8221;none&#8221;][divider line_type=&#8221;No Line&#8221; custom_height=&#8221;70&#8243;][vc_column_text]\n<h2 style=\"text-align: center;\"><span style=\"color: #4d4d4d;\">Maartplaz Naturschutz Fleesch<\/span><\/h2>\n[\/vc_column_text][divider line_type=&#8221;No Line&#8221; custom_height=&#8221;30&#8243;][image_with_animation image_url=&#8221;6367&#8243; alignment=&#8221;center&#8221; animation=&#8221;Fade In&#8221; hover_animation=&#8221;none&#8221; border_radius=&#8221;none&#8221; box_shadow=&#8221;none&#8221; image_loading=&#8221;default&#8221; max_width=&#8221;100%&#8221; max_width_mobile=&#8221;default&#8221; el_class=&#8221;astch&#8221;][divider line_type=&#8221;No Line&#8221; custom_height=&#8221;30&#8243;][\/vc_column_inner][vc_column_inner column_padding=&#8221;no-extra-padding&#8221; column_padding_position=&#8221;all&#8221; background_color_opacity=&#8221;1&#8243; background_hover_color_opacity=&#8221;1&#8243; column_shadow=&#8221;none&#8221; column_border_radius=&#8221;none&#8221; column_link_target=&#8221;_self&#8221; width=&#8221;1\/6&#8243; tablet_width_inherit=&#8221;default&#8221; overlay_strength=&#8221;0.3&#8243; column_border_width=&#8221;none&#8221; column_border_style=&#8221;solid&#8221; bg_image_animation=&#8221;none&#8221; offset=&#8221;vc_hidden-sm vc_hidden-xs&#8221;][image_with_animation image_url=&#8221;8437&#8243; alignment=&#8221;&#8221; animation=&#8221;Fade In&#8221; hover_animation=&#8221;none&#8221; border_radius=&#8221;none&#8221; box_shadow=&#8221;none&#8221; image_loading=&#8221;default&#8221; max_width=&#8221;100%&#8221; max_width_mobile=&#8221;default&#8221; el_class=&#8221;schmetter&#8221; margin_top=&#8221;20&#8243;][\/vc_column_inner][\/vc_row_inner][vc_row_inner column_margin=&#8221;default&#8221; text_align=&#8221;left&#8221;][vc_column_inner column_padding=&#8221;no-extra-padding&#8221; column_padding_position=&#8221;all&#8221; background_color_opacity=&#8221;1&#8243; background_hover_color_opacity=&#8221;1&#8243; column_shadow=&#8221;none&#8221; column_border_radius=&#8221;none&#8221; column_link_target=&#8221;_self&#8221; width=&#8221;1\/2&#8243; tablet_width_inherit=&#8221;default&#8221; overlay_strength=&#8221;0.3&#8243; column_border_width=&#8221;none&#8221; column_border_style=&#8221;solid&#8221; bg_image_animation=&#8221;none&#8221;][vc_column_text]Dir sidd op der Sich no oder w\u00ebllt\u00a0D\u00e9ieren verkafen, d\u00e9i \u00ebnnert\u00a0dem Label Naturschutz Fleesch opgewuess sinn?<\/p>\n<p>Dann kuckt Iech eis Annoncen un an kontakt\u00e9iert den Produzent![\/vc_column_text][\/vc_column_inner][vc_column_inner column_padding=&#8221;no-extra-padding&#8221; column_padding_position=&#8221;all&#8221; background_color_opacity=&#8221;1&#8243; background_hover_color_opacity=&#8221;1&#8243; column_shadow=&#8221;none&#8221; column_border_radius=&#8221;none&#8221; column_link_target=&#8221;_self&#8221; width=&#8221;1\/2&#8243; tablet_width_inherit=&#8221;default&#8221; overlay_strength=&#8221;0.3&#8243; column_border_width=&#8221;none&#8221; column_border_style=&#8221;solid&#8221; bg_image_animation=&#8221;none&#8221;][vc_column_text]Dir w\u00ebllt och eng Annonce fir den Kaf oder Verkaf opginn?<\/p>\n<p>Dann mellt Iech \u00ebnnert <u><a href=\"&#x6d;&#x61;&#x69;&#x6c;&#116;&#111;:in&#x66;&#x6f;&#x40;&#x6e;&#97;&#116;urs&#x63;&#x68;&#x75;&#x74;&#122;&#102;&#108;ee&#x73;&#x63;&#x68;&#x2e;&#99;&#111;&#109;\">&#x69;n&#x66;o&#x40;&#110;&#x61;&#116;u&#x72;s&#x63;&#104;&#x75;&#116;&#x7a;&#102;l&#x65;e&#x73;&#99;&#x68;&#46;&#x63;&#x6f;m<\/a><\/u>.[\/vc_column_text][\/vc_column_inner][\/vc_row_inner][divider line_type=&#8221;No Line&#8221; custom_height=&#8221;30&#8243;][\/vc_column][\/vc_row][vc_row type=&#8221;in_container&#8221; full_screen_row_position=&#8221;middle&#8221; column_margin=&#8221;default&#8221; scene_position=&#8221;center&#8221; text_color=&#8221;dark&#8221; text_align=&#8221;left&#8221; overlay_strength=&#8221;0.3&#8243; shape_divider_position=&#8221;bottom&#8221; bg_image_animation=&#8221;none&#8221; shape_type=&#8221;&#8221;][vc_column column_padding=&#8221;no-extra-padding&#8221; column_padding_position=&#8221;all&#8221; background_color_opacity=&#8221;1&#8243; background_hover_color_opacity=&#8221;1&#8243; column_link_target=&#8221;_self&#8221; column_shadow=&#8221;none&#8221; column_border_radius=&#8221;none&#8221; width=&#8221;1\/1&#8243; tablet_width_inherit=&#8221;default&#8221; tablet_text_alignment=&#8221;default&#8221; phone_text_alignment=&#8221;default&#8221; overlay_strength=&#8221;0.3&#8243; column_border_width=&#8221;none&#8221; column_border_style=&#8221;solid&#8221; bg_image_animation=&#8221;none&#8221;][divider line_type=&#8221;No Line&#8221; custom_height=&#8221;10&#8243;][\/vc_column][\/vc_row][vc_row type=&#8221;in_container&#8221; full_screen_row_position=&#8221;middle&#8221; column_margin=&#8221;default&#8221; scene_position=&#8221;center&#8221; text_color=&#8221;dark&#8221; text_align=&#8221;left&#8221; overlay_strength=&#8221;0.3&#8243; shape_divider_position=&#8221;bottom&#8221; bg_image_animation=&#8221;none&#8221;][vc_column column_padding=&#8221;no-extra-padding&#8221; column_padding_position=&#8221;all&#8221; background_color_opacity=&#8221;1&#8243; background_hover_color_opacity=&#8221;1&#8243; column_link_target=&#8221;_self&#8221; column_shadow=&#8221;none&#8221; column_border_radius=&#8221;none&#8221; width=&#8221;1\/1&#8243; tablet_width_inherit=&#8221;default&#8221; tablet_text_alignment=&#8221;default&#8221; phone_text_alignment=&#8221;default&#8221; overlay_strength=&#8221;0.3&#8243; column_border_width=&#8221;none&#8221; column_border_style=&#8221;solid&#8221; bg_image_animation=&#8221;none&#8221;]    <div class=\"cc-ads-wrapper\">\r\n        <h3 style=\"margin-bottom:10px;\"><\/h3>\r\n            <div class=\"cuco-loading-spinner\" data-loader=\"69e7ad1f586d7\">\r\n        <div style=\"position: relative;\">\r\n            <div class=\"load\">\r\n                                        <div class=\"ajax-loading-animation\">\r\n                            <div class=\"lds-facebook\">\r\n                                <div><\/div>\r\n                                <div><\/div>\r\n                                <div><\/div>\r\n                            <\/div>\r\n                        <\/div>\r\n                                    <\/div>\r\n        <\/div>\r\n    <\/div>\r\n            <div id=\"69e7ad1f586d7\" class=\"cc-ads-ajax-wrapper\"><\/div>\r\n    <\/div>\r\n    \r\n    <script>\r\n        ccc_performPostRequest({        \r\n            specifier: 'ads',\r\n            uniqueIdAjaxWrapper: '69e7ad1f586d7', \r\n            showLoaderAnimation: true,\r\n                \/\/ query\r\n                postType: 'ad',\r\n                    \/\/ fields\r\n                    wantThumbnail: true,\r\n                    wantContent: true,\r\n                    wantPublishDate: true,\r\n                    wantCustomFields: [\"name\", \"location\", \"phone\", \"email\"],\r\n            timeoutMS: 100,\r\n            \/\/ debugHighlightPostType: true,\r\n            successCB: function(result, config) {\r\n\r\n                let output = jQuery('#'+config.uniqueIdAjaxWrapper);\r\n                \r\n                let translation = {\r\n\r\n                    contact: 'Kontakt',\r\n                    adID: 'Anzeigen-ID',\r\n                    name: 'Numm',\r\n                    location: 'Uertschaft',\r\n                    contactBtn: 'Elo kontakt\u00e9ieren',\r\n                    phone: 'Telefonsnr.',\r\n                    email: 'E-mail Adress',\r\n                };\r\n\r\n\r\n                if (result.data != undefined && result.data.length != 0) {                  \r\n\r\n                    let template_path = _theme_directory+'\/includes\/naturschutzfleesch\/marketplace\/templates\/';\r\n                    let item = '';\r\n\r\n                    let titleCounter = result.data.length > 1 ?  \"Anzeigen online\" : \"Anzeige online\";\r\n\r\n                    jQuery('.cc-'+ config.specifier +'-wrapper > h3').html(result.data.length + \" \" + titleCounter);\r\n\r\n                    jQuery.Mustache.load(template_path + 'marketplace_item.html').done(function () {\r\n                        \r\n                        jQuery.each( result.data, function( key, obj ) {\r\n                            \/\/ use year\r\n                            obj.translation = translation;\r\n                            obj.publishDate = obj.publishDate.split('.')[2];\r\n\r\n                            item = jQuery.Mustache.render('ad-item', obj);\r\n                            output.append(item);                            \r\n                        });\r\n\r\n                        jQuery(output).find('.btn-wrapper').click(function() {\r\n                            if (jQuery(this).hasClass('active')) {\r\n                                jQuery(this).removeClass('active');\r\n                                jQuery(this).parent().find('.more').removeClass('active');\r\n                                \/\/ jQuery(this).parent().find('.more').hide(400);\r\n                                \/\/ jQuery(this).parent().find('.more').animate({'height': '0%'}, '400')\r\n                            } else {\r\n                                jQuery(this).addClass('active');\r\n                                jQuery(this).parent().find('.more').addClass('active');\r\n                                \/\/ jQuery(this).parent().find('.more').show(400);\r\n                                \/\/ jQuery(this).parent().find('.more').animate({'height': '100%'}, '400')\r\n                            }\r\n                        });\r\n                    });\r\n                    return result;\t\r\n                    \r\n                } else {\r\n                    \/\/ccc_debug(\"Now what?\")\r\n                    return null;\r\n                    output.html(\"Aktuell sind keine Anzeigen verf\u00fcgbar \");\r\n                } \r\n            }\r\n        });\r\n    <\/script>\r\n[\/vc_column][\/vc_row][vc_row type=&#8221;in_container&#8221; full_screen_row_position=&#8221;middle&#8221; column_margin=&#8221;default&#8221; scene_position=&#8221;center&#8221; text_color=&#8221;dark&#8221; text_align=&#8221;left&#8221; overlay_strength=&#8221;0.3&#8243; shape_divider_position=&#8221;bottom&#8221; bg_image_animation=&#8221;none&#8221;][vc_column column_padding=&#8221;no-extra-padding&#8221; column_padding_position=&#8221;all&#8221; background_color_opacity=&#8221;1&#8243; background_hover_color_opacity=&#8221;1&#8243; column_link_target=&#8221;_self&#8221; column_shadow=&#8221;none&#8221; column_border_radius=&#8221;none&#8221; width=&#8221;1\/1&#8243; tablet_width_inherit=&#8221;default&#8221; tablet_text_alignment=&#8221;default&#8221; phone_text_alignment=&#8221;default&#8221; overlay_strength=&#8221;0.3&#8243; column_border_width=&#8221;none&#8221; column_border_style=&#8221;solid&#8221; bg_image_animation=&#8221;none&#8221;][divider line_type=&#8221;No Line&#8221; custom_height=&#8221;50&#8243;][\/vc_column][\/vc_row]\n","protected":false},"excerpt":{"rendered":"<p>[vc_row type=&#8221;full_width_background&#8221; full_screen_row_position=&#8221;middle&#8221; column_margin=&#8221;default&#8221; bg_image=&#8221;6399&#8243; bg_position=&#8221;left top&#8221; bg_repeat=&#8221;no-repeat&#8221; scene_position=&#8221;center&#8221; text_color=&#8221;dark&#8221; text_align=&#8221;left&#8221; overlay_strength=&#8221;0.3&#8243; shape_divider_position=&#8221;bottom&#8221; bg_image_animation=&#8221;none&#8221; shape_type=&#8221;&#8221;][vc_column column_padding=&#8221;no-extra-padding&#8221; column_padding_position=&#8221;all&#8221; background_color_opacity=&#8221;1&#8243; background_hover_color_opacity=&#8221;1&#8243; column_link_target=&#8221;_self&#8221; column_shadow=&#8221;none&#8221; column_border_radius=&#8221;none&#8221; width=&#8221;1\/1&#8243; tablet_width_inherit=&#8221;default&#8221; tablet_text_alignment=&#8221;default&#8221;&#8230;<\/p>\n","protected":false},"author":1,"featured_media":0,"parent":0,"menu_order":0,"comment_status":"closed","ping_status":"closed","template":"","meta":{"_acf_changed":false,"inline_featured_image":false,"footnotes":""},"class_list":["post-8389","page","type-page","status-publish"],"acf":[],"_links":{"self":[{"href":"https:\/\/naturschutzfleesch.lu\/lu\/wp-json\/wp\/v2\/pages\/8389","targetHints":{"allow":["GET"]}}],"collection":[{"href":"https:\/\/naturschutzfleesch.lu\/lu\/wp-json\/wp\/v2\/pages"}],"about":[{"href":"https:\/\/naturschutzfleesch.lu\/lu\/wp-json\/wp\/v2\/types\/page"}],"author":[{"embeddable":true,"href":"https:\/\/naturschutzfleesch.lu\/lu\/wp-json\/wp\/v2\/users\/1"}],"replies":[{"embeddable":true,"href":"https:\/\/naturschutzfleesch.lu\/lu\/wp-json\/wp\/v2\/comments?post=8389"}],"version-history":[{"count":10,"href":"https:\/\/naturschutzfleesch.lu\/lu\/wp-json\/wp\/v2\/pages\/8389\/revisions"}],"predecessor-version":[{"id":8466,"href":"https:\/\/naturschutzfleesch.lu\/lu\/wp-json\/wp\/v2\/pages\/8389\/revisions\/8466"}],"wp:attachment":[{"href":"https:\/\/naturschutzfleesch.lu\/lu\/wp-json\/wp\/v2\/media?parent=8389"}],"curies":[{"name":"wp","href":"https:\/\/api.w.org\/{rel}","templated":true}]}}